{"id":1039,"date":"2020-01-20T00:55:34","date_gmt":"2020-01-20T00:55:34","guid":{"rendered":"https:\/\/skole.vamtam.com\/?page_id=1039"},"modified":"2025-08-27T22:54:24","modified_gmt":"2025-08-27T19:54:24","slug":"galeri","status":"publish","type":"page","link":"https:\/\/elifbaskutegitimkurumlari.com\/?page_id=1039","title":{"rendered":"Galeri"},"content":{"rendered":"\t\t<div data-elementor-type=\"wp-page\" data-elementor-id=\"1039\" class=\"elementor elementor-1039\" data-elementor-post-type=\"page\">\n\t\t\t\t\t\t<section class=\"elementor-section elementor-top-section elementor-element elementor-element-355e47b5 elementor-section-content-middle elementor-section-boxed elementor-section-height-default elementor-section-height-default\" data-id=\"355e47b5\" data-element_type=\"section\" data-settings=\"{&quot;background_background&quot;:&quot;classic&quot;}\">\n\t\t\t\t\t\t<div class=\"elementor-container elementor-column-gap-default\">\n\t\t\t\t\t<div class=\"elementor-column elementor-col-50 elementor-top-column elementor-element elementor-element-4e253401\" data-id=\"4e253401\" data-element_type=\"column\" data-settings=\"{&quot;background_background&quot;:&quot;classic&quot;}\">\n\t\t\t<div class=\"elementor-widget-wrap elementor-element-populated\">\n\t\t\t\t\t\t\t<\/div>\n\t\t<\/div>\n\t\t\t\t<div class=\"elementor-column elementor-col-50 elementor-top-column elementor-element elementor-element-7503fe4f elementor-hidden-phone\" data-id=\"7503fe4f\" data-element_type=\"column\">\n\t\t\t<div class=\"elementor-widget-wrap\">\n\t\t\t\t\t\t\t<\/div>\n\t\t<\/div>\n\t\t\t\t\t<\/div>\n\t\t<\/section>\n\t\t<div class=\"elementor-element elementor-element-164cf38 e-flex e-con-boxed e-con e-parent\" data-id=\"164cf38\" data-element_type=\"container\">\n\t\t\t\t\t<div class=\"e-con-inner\">\n\t\t\t\t<div class=\"elementor-element elementor-element-4da0e50 elementor-widget elementor-widget-image-gallery\" data-id=\"4da0e50\" data-element_type=\"widget\" data-widget_type=\"image-gallery.default\">\n\t\t\t\t\t\t\t<div class=\"elementor-image-gallery\">\n\t\t\t<div id='gallery-1' class='gallery galleryid-1039 gallery-columns-4 gallery-size-large'><figure class='gallery-item'>\n\t\t\t<div class='gallery-icon portrait'>\n\t\t\t\t<a data-elementor-open-lightbox=\"yes\" data-elementor-lightbox-slideshow=\"4da0e50\" data-elementor-lightbox-title=\"6010304881459580501\" data-e-action-hash=\"#elementor-action%3Aaction%3Dlightbox%26settings%3DeyJpZCI6OTg3ODM4LCJ1cmwiOiJodHRwczpcL1wvZWxpZmJhc2t1dGVnaXRpbWt1cnVtbGFyaS5jb21cL3dwLWNvbnRlbnRcL3VwbG9hZHNcLzIwMjVcLzA4XC82MDEwMzA0ODgxNDU5NTgwNTAxLmpwZyIsInNsaWRlc2hvdyI6IjRkYTBlNTAifQ%3D%3D\" href='https:\/\/elifbaskutegitimkurumlari.com\/wp-content\/uploads\/2025\/08\/6010304881459580501.jpg'><img fetchpriority=\"high\" decoding=\"async\" width=\"768\" height=\"1024\" src=\"https:\/\/elifbaskutegitimkurumlari.com\/wp-content\/uploads\/2025\/08\/6010304881459580501-768x1024.jpg\" class=\"attachment-large size-large\" alt=\"\" srcset=\"https:\/\/elifbaskutegitimkurumlari.com\/wp-content\/uploads\/2025\/08\/6010304881459580501-768x1024.jpg 768w, https:\/\/elifbaskutegitimkurumlari.com\/wp-content\/uploads\/2025\/08\/6010304881459580501-225x300.jpg 225w, https:\/\/elifbaskutegitimkurumlari.com\/wp-content\/uploads\/2025\/08\/6010304881459580501.jpg 960w\" sizes=\"(max-width: 768px) 100vw, 768px\" \/><\/a>\n\t\t\t<\/div><\/figure><figure class='gallery-item'>\n\t\t\t<div class='gallery-icon portrait'>\n\t\t\t\t<a data-elementor-open-lightbox=\"yes\" data-elementor-lightbox-slideshow=\"4da0e50\" data-elementor-lightbox-title=\"6010304881459580497\" data-e-action-hash=\"#elementor-action%3Aaction%3Dlightbox%26settings%3DeyJpZCI6OTg3ODM1LCJ1cmwiOiJodHRwczpcL1wvZWxpZmJhc2t1dGVnaXRpbWt1cnVtbGFyaS5jb21cL3dwLWNvbnRlbnRcL3VwbG9hZHNcLzIwMjVcLzA4XC82MDEwMzA0ODgxNDU5NTgwNDk3LmpwZyIsInNsaWRlc2hvdyI6IjRkYTBlNTAifQ%3D%3D\" href='https:\/\/elifbaskutegitimkurumlari.com\/wp-content\/uploads\/2025\/08\/6010304881459580497.jpg'><img decoding=\"async\" width=\"768\" height=\"1024\" src=\"https:\/\/elifbaskutegitimkurumlari.com\/wp-content\/uploads\/2025\/08\/6010304881459580497-768x1024.jpg\" class=\"attachment-large size-large\" alt=\"\" srcset=\"https:\/\/elifbaskutegitimkurumlari.com\/wp-content\/uploads\/2025\/08\/6010304881459580497-768x1024.jpg 768w, https:\/\/elifbaskutegitimkurumlari.com\/wp-content\/uploads\/2025\/08\/6010304881459580497-225x300.jpg 225w, https:\/\/elifbaskutegitimkurumlari.com\/wp-content\/uploads\/2025\/08\/6010304881459580497.jpg 960w\" sizes=\"(max-width: 768px) 100vw, 768px\" \/><\/a>\n\t\t\t<\/div><\/figure><figure class='gallery-item'>\n\t\t\t<div class='gallery-icon landscape'>\n\t\t\t\t<a data-elementor-open-lightbox=\"yes\" data-elementor-lightbox-slideshow=\"4da0e50\" data-elementor-lightbox-title=\"6010304881459580485\" data-e-action-hash=\"#elementor-action%3Aaction%3Dlightbox%26settings%3DeyJpZCI6OTg3ODM0LCJ1cmwiOiJodHRwczpcL1wvZWxpZmJhc2t1dGVnaXRpbWt1cnVtbGFyaS5jb21cL3dwLWNvbnRlbnRcL3VwbG9hZHNcLzIwMjVcLzA4XC82MDEwMzA0ODgxNDU5NTgwNDg1LmpwZyIsInNsaWRlc2hvdyI6IjRkYTBlNTAifQ%3D%3D\" href='https:\/\/elifbaskutegitimkurumlari.com\/wp-content\/uploads\/2025\/08\/6010304881459580485.jpg'><img decoding=\"async\" width=\"1024\" height=\"768\" src=\"https:\/\/elifbaskutegitimkurumlari.com\/wp-content\/uploads\/2025\/08\/6010304881459580485-1024x768.jpg\" class=\"attachment-large size-large\" alt=\"\" srcset=\"https:\/\/elifbaskutegitimkurumlari.com\/wp-content\/uploads\/2025\/08\/6010304881459580485-1024x768.jpg 1024w, https:\/\/elifbaskutegitimkurumlari.com\/wp-content\/uploads\/2025\/08\/6010304881459580485-300x225.jpg 300w, https:\/\/elifbaskutegitimkurumlari.com\/wp-content\/uploads\/2025\/08\/6010304881459580485-768x576.jpg 768w, https:\/\/elifbaskutegitimkurumlari.com\/wp-content\/uploads\/2025\/08\/6010304881459580485.jpg 1280w\" sizes=\"(max-width: 1024px) 100vw, 1024px\" \/><\/a>\n\t\t\t<\/div><\/figure><figure class='gallery-item'>\n\t\t\t<div class='gallery-icon portrait'>\n\t\t\t\t<a data-elementor-open-lightbox=\"yes\" data-elementor-lightbox-slideshow=\"4da0e50\" data-elementor-lightbox-title=\"5857257574452284822\" data-e-action-hash=\"#elementor-action%3Aaction%3Dlightbox%26settings%3DeyJpZCI6OTg3ODMxLCJ1cmwiOiJodHRwczpcL1wvZWxpZmJhc2t1dGVnaXRpbWt1cnVtbGFyaS5jb21cL3dwLWNvbnRlbnRcL3VwbG9hZHNcLzIwMjVcLzA4XC81ODU3MjU3NTc0NDUyMjg0ODIyLmpwZyIsInNsaWRlc2hvdyI6IjRkYTBlNTAifQ%3D%3D\" href='https:\/\/elifbaskutegitimkurumlari.com\/wp-content\/uploads\/2025\/08\/5857257574452284822.jpg'><img loading=\"lazy\" decoding=\"async\" width=\"768\" height=\"1024\" src=\"https:\/\/elifbaskutegitimkurumlari.com\/wp-content\/uploads\/2025\/08\/5857257574452284822-768x1024.jpg\" class=\"attachment-large size-large\" alt=\"\" srcset=\"https:\/\/elifbaskutegitimkurumlari.com\/wp-content\/uploads\/2025\/08\/5857257574452284822-768x1024.jpg 768w, https:\/\/elifbaskutegitimkurumlari.com\/wp-content\/uploads\/2025\/08\/5857257574452284822-225x300.jpg 225w, https:\/\/elifbaskutegitimkurumlari.com\/wp-content\/uploads\/2025\/08\/5857257574452284822.jpg 960w\" sizes=\"(max-width: 768px) 100vw, 768px\" \/><\/a>\n\t\t\t<\/div><\/figure><figure class='gallery-item'>\n\t\t\t<div class='gallery-icon landscape'>\n\t\t\t\t<a data-elementor-open-lightbox=\"yes\" data-elementor-lightbox-slideshow=\"4da0e50\" data-elementor-lightbox-title=\"egitim-sistemimiz-1\" data-e-action-hash=\"#elementor-action%3Aaction%3Dlightbox%26settings%3DeyJpZCI6OTg3NzY1LCJ1cmwiOiJodHRwczpcL1wvZWxpZmJhc2t1dGVnaXRpbWt1cnVtbGFyaS5jb21cL3dwLWNvbnRlbnRcL3VwbG9hZHNcLzIwMjVcLzA4XC9lZ2l0aW0tc2lzdGVtaW1pei0xLmpwZyIsInNsaWRlc2hvdyI6IjRkYTBlNTAifQ%3D%3D\" href='https:\/\/elifbaskutegitimkurumlari.com\/wp-content\/uploads\/2025\/08\/egitim-sistemimiz-1.jpg'><img loading=\"lazy\" decoding=\"async\" width=\"1024\" height=\"630\" src=\"https:\/\/elifbaskutegitimkurumlari.com\/wp-content\/uploads\/2025\/08\/egitim-sistemimiz-1-1024x630.jpg\" class=\"attachment-large size-large\" alt=\"\" srcset=\"https:\/\/elifbaskutegitimkurumlari.com\/wp-content\/uploads\/2025\/08\/egitim-sistemimiz-1-1024x630.jpg 1024w, https:\/\/elifbaskutegitimkurumlari.com\/wp-content\/uploads\/2025\/08\/egitim-sistemimiz-1-300x185.jpg 300w, https:\/\/elifbaskutegitimkurumlari.com\/wp-content\/uploads\/2025\/08\/egitim-sistemimiz-1-768x473.jpg 768w, https:\/\/elifbaskutegitimkurumlari.com\/wp-content\/uploads\/2025\/08\/egitim-sistemimiz-1.jpg 1300w\" sizes=\"(max-width: 1024px) 100vw, 1024px\" \/><\/a>\n\t\t\t<\/div><\/figure><figure class='gallery-item'>\n\t\t\t<div class='gallery-icon landscape'>\n\t\t\t\t<a data-elementor-open-lightbox=\"yes\" data-elementor-lightbox-slideshow=\"4da0e50\" data-elementor-lightbox-title=\"egitim-sistemimiz\" data-e-action-hash=\"#elementor-action%3Aaction%3Dlightbox%26settings%3DeyJpZCI6OTg3NzUxLCJ1cmwiOiJodHRwczpcL1wvZWxpZmJhc2t1dGVnaXRpbWt1cnVtbGFyaS5jb21cL3dwLWNvbnRlbnRcL3VwbG9hZHNcLzIwMjVcLzA4XC9lZ2l0aW0tc2lzdGVtaW1pei5qcGciLCJzbGlkZXNob3ciOiI0ZGEwZTUwIn0%3D\" href='https:\/\/elifbaskutegitimkurumlari.com\/wp-content\/uploads\/2025\/08\/egitim-sistemimiz.jpg'><img loading=\"lazy\" decoding=\"async\" width=\"1024\" height=\"630\" src=\"https:\/\/elifbaskutegitimkurumlari.com\/wp-content\/uploads\/2025\/08\/egitim-sistemimiz-1024x630.jpg\" class=\"attachment-large size-large\" alt=\"\" srcset=\"https:\/\/elifbaskutegitimkurumlari.com\/wp-content\/uploads\/2025\/08\/egitim-sistemimiz-1024x630.jpg 1024w, https:\/\/elifbaskutegitimkurumlari.com\/wp-content\/uploads\/2025\/08\/egitim-sistemimiz-300x185.jpg 300w, https:\/\/elifbaskutegitimkurumlari.com\/wp-content\/uploads\/2025\/08\/egitim-sistemimiz-768x473.jpg 768w, https:\/\/elifbaskutegitimkurumlari.com\/wp-content\/uploads\/2025\/08\/egitim-sistemimiz.jpg 1300w\" sizes=\"(max-width: 1024px) 100vw, 1024px\" \/><\/a>\n\t\t\t<\/div><\/figure><figure class='gallery-item'>\n\t\t\t<div class='gallery-icon landscape'>\n\t\t\t\t<a data-elementor-open-lightbox=\"yes\" data-elementor-lightbox-slideshow=\"4da0e50\" data-elementor-lightbox-title=\"elif-baskut-egitim-kurumlari-guzelbahce-narlidere\" data-e-action-hash=\"#elementor-action%3Aaction%3Dlightbox%26settings%3DeyJpZCI6OTg3NjkwLCJ1cmwiOiJodHRwczpcL1wvZWxpZmJhc2t1dGVnaXRpbWt1cnVtbGFyaS5jb21cL3dwLWNvbnRlbnRcL3VwbG9hZHNcLzIwMjVcLzA4XC9lbGlmLWJhc2t1dC1lZ2l0aW0ta3VydW1sYXJpLWd1emVsYmFoY2UtbmFybGlkZXJlLmpwZyIsInNsaWRlc2hvdyI6IjRkYTBlNTAifQ%3D%3D\" href='https:\/\/elifbaskutegitimkurumlari.com\/wp-content\/uploads\/2025\/08\/elif-baskut-egitim-kurumlari-guzelbahce-narlidere.jpg'><img loading=\"lazy\" decoding=\"async\" width=\"1024\" height=\"768\" src=\"https:\/\/elifbaskutegitimkurumlari.com\/wp-content\/uploads\/2025\/08\/elif-baskut-egitim-kurumlari-guzelbahce-narlidere.jpg\" class=\"attachment-large size-large\" alt=\"\" srcset=\"https:\/\/elifbaskutegitimkurumlari.com\/wp-content\/uploads\/2025\/08\/elif-baskut-egitim-kurumlari-guzelbahce-narlidere.jpg 1024w, https:\/\/elifbaskutegitimkurumlari.com\/wp-content\/uploads\/2025\/08\/elif-baskut-egitim-kurumlari-guzelbahce-narlidere-300x225.jpg 300w, https:\/\/elifbaskutegitimkurumlari.com\/wp-content\/uploads\/2025\/08\/elif-baskut-egitim-kurumlari-guzelbahce-narlidere-768x576.jpg 768w\" sizes=\"(max-width: 1024px) 100vw, 1024px\" \/><\/a>\n\t\t\t<\/div><\/figure>\n\t\t<\/div>\n\t\t<\/div>\n\t\t\t\t\t\t<\/div>\n\t\t\t\t\t<\/div>\n\t\t\t\t<\/div>\n\t\t\t\t<\/div>\n\t\t","protected":false},"excerpt":{"rendered":"","protected":false},"author":1,"featured_media":0,"parent":0,"menu_order":0,"comment_status":"closed","ping_status":"closed","template":"","meta":{"footnotes":""},"class_list":["post-1039","page","type-page","status-publish","hentry"],"yoast_head":"<!-- This site is optimized with the Yoast SEO plugin v25.7 - https:\/\/yoast.com\/wordpress\/plugins\/seo\/ -->\n<title>Galeri - G\u00fczelbah\u00e7e Narl\u0131dere Anaokulu<\/title>\n<meta name=\"description\" content=\"Elif Ba\u015fkut E\u011fitim Kurumlar\u0131 Anaokulu\u2019nun renkli d\u00fcnyas\u0131n\u0131 ke\u015ffedin. Etkinliklerden s\u0131n\u0131flara, \u00f6zel g\u00fcnlerden sanat \u00e7al\u0131\u015fmalar\u0131na kadar foto\u011fraf ve videolar burada.\" \/>\n<meta name=\"robots\" content=\"index, follow, max-snippet:-1, max-image-preview:large, max-video-preview:-1\" \/>\n<link rel=\"canonical\" href=\"https:\/\/elifbaskutegitimkurumlari.com\/?page_id=1039\" \/>\n<meta property=\"og:locale\" content=\"tr_TR\" \/>\n<meta property=\"og:type\" content=\"article\" \/>\n<meta property=\"og:title\" content=\"Galeri - G\u00fczelbah\u00e7e Narl\u0131dere Anaokulu\" \/>\n<meta property=\"og:description\" content=\"Elif Ba\u015fkut E\u011fitim Kurumlar\u0131 Anaokulu\u2019nun renkli d\u00fcnyas\u0131n\u0131 ke\u015ffedin. Etkinliklerden s\u0131n\u0131flara, \u00f6zel g\u00fcnlerden sanat \u00e7al\u0131\u015fmalar\u0131na kadar foto\u011fraf ve videolar burada.\" \/>\n<meta property=\"og:url\" content=\"https:\/\/elifbaskutegitimkurumlari.com\/?page_id=1039\" \/>\n<meta property=\"og:site_name\" content=\"G\u00fczelbah\u00e7e Narl\u0131dere Anaokulu\" \/>\n<meta property=\"article:modified_time\" content=\"2025-08-27T19:54:24+00:00\" \/>\n<meta property=\"og:image\" content=\"https:\/\/elifbaskutegitimkurumlari.com\/wp-content\/uploads\/2025\/08\/6010304881459580501-768x1024.jpg\" \/>\n<meta name=\"twitter:card\" content=\"summary_large_image\" \/>\n<meta name=\"twitter:label1\" content=\"Tahmini okuma s\u00fcresi\" \/>\n\t<meta name=\"twitter:data1\" content=\"2 dakika\" \/>\n<script type=\"application\/ld+json\" class=\"yoast-schema-graph\">{\"@context\":\"https:\/\/schema.org\",\"@graph\":[{\"@type\":\"WebPage\",\"@id\":\"https:\/\/elifbaskutegitimkurumlari.com\/?page_id=1039\",\"url\":\"https:\/\/elifbaskutegitimkurumlari.com\/?page_id=1039\",\"name\":\"Galeri - G\u00fczelbah\u00e7e Narl\u0131dere Anaokulu\",\"isPartOf\":{\"@id\":\"https:\/\/elifbaskutegitimkurumlari.com\/#website\"},\"primaryImageOfPage\":{\"@id\":\"https:\/\/elifbaskutegitimkurumlari.com\/?page_id=1039#primaryimage\"},\"image\":{\"@id\":\"https:\/\/elifbaskutegitimkurumlari.com\/?page_id=1039#primaryimage\"},\"thumbnailUrl\":\"https:\/\/elifbaskutegitimkurumlari.com\/wp-content\/uploads\/2025\/08\/6010304881459580501-768x1024.jpg\",\"datePublished\":\"2020-01-20T00:55:34+00:00\",\"dateModified\":\"2025-08-27T19:54:24+00:00\",\"description\":\"Elif Ba\u015fkut E\u011fitim Kurumlar\u0131 Anaokulu\u2019nun renkli d\u00fcnyas\u0131n\u0131 ke\u015ffedin. Etkinliklerden s\u0131n\u0131flara, \u00f6zel g\u00fcnlerden sanat \u00e7al\u0131\u015fmalar\u0131na kadar foto\u011fraf ve videolar burada.\",\"breadcrumb\":{\"@id\":\"https:\/\/elifbaskutegitimkurumlari.com\/?page_id=1039#breadcrumb\"},\"inLanguage\":\"tr\",\"potentialAction\":[{\"@type\":\"ReadAction\",\"target\":[\"https:\/\/elifbaskutegitimkurumlari.com\/?page_id=1039\"]}]},{\"@type\":\"ImageObject\",\"inLanguage\":\"tr\",\"@id\":\"https:\/\/elifbaskutegitimkurumlari.com\/?page_id=1039#primaryimage\",\"url\":\"https:\/\/elifbaskutegitimkurumlari.com\/wp-content\/uploads\/2025\/08\/6010304881459580501.jpg\",\"contentUrl\":\"https:\/\/elifbaskutegitimkurumlari.com\/wp-content\/uploads\/2025\/08\/6010304881459580501.jpg\",\"width\":960,\"height\":1280},{\"@type\":\"BreadcrumbList\",\"@id\":\"https:\/\/elifbaskutegitimkurumlari.com\/?page_id=1039#breadcrumb\",\"itemListElement\":[{\"@type\":\"ListItem\",\"position\":1,\"name\":\"Anasayfa\",\"item\":\"https:\/\/elifbaskutegitimkurumlari.com\/\"},{\"@type\":\"ListItem\",\"position\":2,\"name\":\"Galeri\"}]},{\"@type\":\"WebSite\",\"@id\":\"https:\/\/elifbaskutegitimkurumlari.com\/#website\",\"url\":\"https:\/\/elifbaskutegitimkurumlari.com\/\",\"name\":\"Elif Ba\u015fkut E\u011fitim Kurumlar\u0131\",\"description\":\"\",\"publisher\":{\"@id\":\"https:\/\/elifbaskutegitimkurumlari.com\/#organization\"},\"potentialAction\":[{\"@type\":\"SearchAction\",\"target\":{\"@type\":\"EntryPoint\",\"urlTemplate\":\"https:\/\/elifbaskutegitimkurumlari.com\/?s={search_term_string}\"},\"query-input\":{\"@type\":\"PropertyValueSpecification\",\"valueRequired\":true,\"valueName\":\"search_term_string\"}}],\"inLanguage\":\"tr\"},{\"@type\":\"Organization\",\"@id\":\"https:\/\/elifbaskutegitimkurumlari.com\/#organization\",\"name\":\"G\u00fczelbah\u00e7e Narl\u0131dere Anaokulu\",\"url\":\"https:\/\/elifbaskutegitimkurumlari.com\/\",\"logo\":{\"@type\":\"ImageObject\",\"inLanguage\":\"tr\",\"@id\":\"https:\/\/elifbaskutegitimkurumlari.com\/#\/schema\/logo\/image\/\",\"url\":\"https:\/\/elifbaskutegitimkurumlari.com\/wp-content\/uploads\/2025\/08\/cropped-elif-baskut-egitim-kurumlari-logo.png\",\"contentUrl\":\"https:\/\/elifbaskutegitimkurumlari.com\/wp-content\/uploads\/2025\/08\/cropped-elif-baskut-egitim-kurumlari-logo.png\",\"width\":156,\"height\":116,\"caption\":\"G\u00fczelbah\u00e7e Narl\u0131dere Anaokulu\"},\"image\":{\"@id\":\"https:\/\/elifbaskutegitimkurumlari.com\/#\/schema\/logo\/image\/\"}}]}<\/script>\n<!-- \/ Yoast SEO plugin. -->","yoast_head_json":{"title":"Galeri - G\u00fczelbah\u00e7e Narl\u0131dere Anaokulu","description":"Elif Ba\u015fkut E\u011fitim Kurumlar\u0131 Anaokulu\u2019nun renkli d\u00fcnyas\u0131n\u0131 ke\u015ffedin. Etkinliklerden s\u0131n\u0131flara, \u00f6zel g\u00fcnlerden sanat \u00e7al\u0131\u015fmalar\u0131na kadar foto\u011fraf ve videolar burada.","robots":{"index":"index","follow":"follow","max-snippet":"max-snippet:-1","max-image-preview":"max-image-preview:large","max-video-preview":"max-video-preview:-1"},"canonical":"https:\/\/elifbaskutegitimkurumlari.com\/?page_id=1039","og_locale":"tr_TR","og_type":"article","og_title":"Galeri - G\u00fczelbah\u00e7e Narl\u0131dere Anaokulu","og_description":"Elif Ba\u015fkut E\u011fitim Kurumlar\u0131 Anaokulu\u2019nun renkli d\u00fcnyas\u0131n\u0131 ke\u015ffedin. Etkinliklerden s\u0131n\u0131flara, \u00f6zel g\u00fcnlerden sanat \u00e7al\u0131\u015fmalar\u0131na kadar foto\u011fraf ve videolar burada.","og_url":"https:\/\/elifbaskutegitimkurumlari.com\/?page_id=1039","og_site_name":"G\u00fczelbah\u00e7e Narl\u0131dere Anaokulu","article_modified_time":"2025-08-27T19:54:24+00:00","og_image":[{"url":"https:\/\/elifbaskutegitimkurumlari.com\/wp-content\/uploads\/2025\/08\/6010304881459580501-768x1024.jpg","type":"","width":"","height":""}],"twitter_card":"summary_large_image","twitter_misc":{"Tahmini okuma s\u00fcresi":"2 dakika"},"schema":{"@context":"https:\/\/schema.org","@graph":[{"@type":"WebPage","@id":"https:\/\/elifbaskutegitimkurumlari.com\/?page_id=1039","url":"https:\/\/elifbaskutegitimkurumlari.com\/?page_id=1039","name":"Galeri - G\u00fczelbah\u00e7e Narl\u0131dere Anaokulu","isPartOf":{"@id":"https:\/\/elifbaskutegitimkurumlari.com\/#website"},"primaryImageOfPage":{"@id":"https:\/\/elifbaskutegitimkurumlari.com\/?page_id=1039#primaryimage"},"image":{"@id":"https:\/\/elifbaskutegitimkurumlari.com\/?page_id=1039#primaryimage"},"thumbnailUrl":"https:\/\/elifbaskutegitimkurumlari.com\/wp-content\/uploads\/2025\/08\/6010304881459580501-768x1024.jpg","datePublished":"2020-01-20T00:55:34+00:00","dateModified":"2025-08-27T19:54:24+00:00","description":"Elif Ba\u015fkut E\u011fitim Kurumlar\u0131 Anaokulu\u2019nun renkli d\u00fcnyas\u0131n\u0131 ke\u015ffedin. Etkinliklerden s\u0131n\u0131flara, \u00f6zel g\u00fcnlerden sanat \u00e7al\u0131\u015fmalar\u0131na kadar foto\u011fraf ve videolar burada.","breadcrumb":{"@id":"https:\/\/elifbaskutegitimkurumlari.com\/?page_id=1039#breadcrumb"},"inLanguage":"tr","potentialAction":[{"@type":"ReadAction","target":["https:\/\/elifbaskutegitimkurumlari.com\/?page_id=1039"]}]},{"@type":"ImageObject","inLanguage":"tr","@id":"https:\/\/elifbaskutegitimkurumlari.com\/?page_id=1039#primaryimage","url":"https:\/\/elifbaskutegitimkurumlari.com\/wp-content\/uploads\/2025\/08\/6010304881459580501.jpg","contentUrl":"https:\/\/elifbaskutegitimkurumlari.com\/wp-content\/uploads\/2025\/08\/6010304881459580501.jpg","width":960,"height":1280},{"@type":"BreadcrumbList","@id":"https:\/\/elifbaskutegitimkurumlari.com\/?page_id=1039#breadcrumb","itemListElement":[{"@type":"ListItem","position":1,"name":"Anasayfa","item":"https:\/\/elifbaskutegitimkurumlari.com\/"},{"@type":"ListItem","position":2,"name":"Galeri"}]},{"@type":"WebSite","@id":"https:\/\/elifbaskutegitimkurumlari.com\/#website","url":"https:\/\/elifbaskutegitimkurumlari.com\/","name":"Elif Ba\u015fkut E\u011fitim Kurumlar\u0131","description":"","publisher":{"@id":"https:\/\/elifbaskutegitimkurumlari.com\/#organization"},"potentialAction":[{"@type":"SearchAction","target":{"@type":"EntryPoint","urlTemplate":"https:\/\/elifbaskutegitimkurumlari.com\/?s={search_term_string}"},"query-input":{"@type":"PropertyValueSpecification","valueRequired":true,"valueName":"search_term_string"}}],"inLanguage":"tr"},{"@type":"Organization","@id":"https:\/\/elifbaskutegitimkurumlari.com\/#organization","name":"G\u00fczelbah\u00e7e Narl\u0131dere Anaokulu","url":"https:\/\/elifbaskutegitimkurumlari.com\/","logo":{"@type":"ImageObject","inLanguage":"tr","@id":"https:\/\/elifbaskutegitimkurumlari.com\/#\/schema\/logo\/image\/","url":"https:\/\/elifbaskutegitimkurumlari.com\/wp-content\/uploads\/2025\/08\/cropped-elif-baskut-egitim-kurumlari-logo.png","contentUrl":"https:\/\/elifbaskutegitimkurumlari.com\/wp-content\/uploads\/2025\/08\/cropped-elif-baskut-egitim-kurumlari-logo.png","width":156,"height":116,"caption":"G\u00fczelbah\u00e7e Narl\u0131dere Anaokulu"},"image":{"@id":"https:\/\/elifbaskutegitimkurumlari.com\/#\/schema\/logo\/image\/"}}]}},"_links":{"self":[{"href":"https:\/\/elifbaskutegitimkurumlari.com\/index.php?rest_route=\/wp\/v2\/pages\/1039","targetHints":{"allow":["GET"]}}],"collection":[{"href":"https:\/\/elifbaskutegitimkurumlari.com\/index.php?rest_route=\/wp\/v2\/pages"}],"about":[{"href":"https:\/\/elifbaskutegitimkurumlari.com\/index.php?rest_route=\/wp\/v2\/types\/page"}],"author":[{"embeddable":true,"href":"https:\/\/elifbaskutegitimkurumlari.com\/index.php?rest_route=\/wp\/v2\/users\/1"}],"replies":[{"embeddable":true,"href":"https:\/\/elifbaskutegitimkurumlari.com\/index.php?rest_route=%2Fwp%2Fv2%2Fcomments&post=1039"}],"version-history":[{"count":13,"href":"https:\/\/elifbaskutegitimkurumlari.com\/index.php?rest_route=\/wp\/v2\/pages\/1039\/revisions"}],"predecessor-version":[{"id":988229,"href":"https:\/\/elifbaskutegitimkurumlari.com\/index.php?rest_route=\/wp\/v2\/pages\/1039\/revisions\/988229"}],"wp:attachment":[{"href":"https:\/\/elifbaskutegitimkurumlari.com\/index.php?rest_route=%2Fwp%2Fv2%2Fmedia&parent=1039"}],"curies":[{"name":"wp","href":"https:\/\/api.w.org\/{rel}","templated":true}]}}